{"id":1068,"date":"2014-09-11T17:26:12","date_gmt":"2014-09-11T21:26:12","guid":{"rendered":"https:\/\/bdmglobal.com\/?page_id=1068&#038;lang=it"},"modified":"2016-11-04T18:31:49","modified_gmt":"2016-11-04T17:31:49","slug":"azienda","status":"publish","type":"page","link":"https:\/\/bdmglobal.com\/it\/azienda\/","title":{"rendered":"Azienda"},"content":{"rendered":"<div class=\"row\"><div id=\"aq-block-1059-1\" class=\"aq-block aq-block-aq_page_header_block col-sm-12 aq-first aq-last \">\n<header class=\"page-header ebor-pad-me\">\n\n\t<div class=\"background-image-holder parallax-background\">\n\t\t<img loading=\"lazy\" decoding=\"async\" width=\"1400\" height=\"961\" src=\"https:\/\/bdmglobal.com\/wp-content\/uploads\/2016\/06\/a-propos-2.jpg\" class=\"background-image\" alt=\"\" srcset=\"https:\/\/bdmglobal.com\/wp-content\/uploads\/2016\/06\/a-propos-2.jpg 1400w, https:\/\/bdmglobal.com\/wp-content\/uploads\/2016\/06\/a-propos-2-300x206.jpg 300w, https:\/\/bdmglobal.com\/wp-content\/uploads\/2016\/06\/a-propos-2-768x527.jpg 768w, https:\/\/bdmglobal.com\/wp-content\/uploads\/2016\/06\/a-propos-2-1024x703.jpg 1024w\" sizes=\"auto, (max-width: 1400px) 100vw, 1400px\" \/>\t<\/div>\n\t\n\t<div class=\"container\">\n\t\t<div class=\"row\">\n\t\t\t<div class=\"col-sm-12\">\n\t\t\t\t<span class=\"text-white alt-font\">Rigore. Trasparenza. Innovazione.<\/span><h1 class=\"text-white\">BDM Global : leader in Canada nelle pelli salate<\/h1><p class=\"lead text-white ebor-limit-width\">Dal 2006 BDM Global produce le migliori pelli salate in Canada.<\/p>\t\t\t<\/div>\n\t\t<\/div>\n\t<\/div>\n\t\n<\/header>\n\n<\/div><a href=\"#\" id=\"services\" class=\"in-page-link\"><\/a><section class=\"aq-block bg-primary\"><div class=\"container\"><div class=\"row\"><div id=\"aq-block-1059-3\" class=\"aq-block aq-block-aq_spacer_block col-sm-12 aq-first aq-last \">\t\t\n\t\t<div style=\"clear: both; width: 100%; height: 80px;\"><\/div>\n\t\n\t<\/div><div id=\"aq-block-1059-4\" class=\"aq-block aq-block-aq_counter_block col-sm-4 aq-first \">\t\n\t\t<div class=\"stat-counters\">\n\t\t\t<div class=\"stat feature\">\n\t\t\t\t<div class=\"stat-bubble\"><span>10<\/span><\/div><h3>Produciamo pelli salate di qualit\u00e0 da pi\u00f9 di 10 anni.<\/h3>\t\t\t<\/div>\n\t\t<\/div>\n\t\n\t<\/div><div id=\"aq-block-1059-5\" class=\"aq-block aq-block-aq_counter_block col-sm-4  \">\t\n\t\t<div class=\"stat-counters\">\n\t\t\t<div class=\"stat feature\">\n\t\t\t\t<div class=\"stat-bubble\"><span>3<\/span><\/div><h3>Offriamo tre tipi di pelli : di vitello, di cavallo e di cervo.<\/h3>\t\t\t<\/div>\n\t\t<\/div>\n\t\n\t<\/div><div id=\"aq-block-1059-6\" class=\"aq-block aq-block-aq_counter_block col-sm-4  aq-last \">\t\n\t\t<div class=\"stat-counters\">\n\t\t\t<div class=\"stat feature\">\n\t\t\t\t<div class=\"stat-bubble\"><span>15<\/span><\/div><h3>Le nostre pelli sono esportate in pi\u00f9 di 15 paesi.<\/h3>\t\t\t<\/div>\n\t\t<\/div>\n\t\n\t<\/div><div id=\"aq-block-1059-7\" class=\"aq-block aq-block-aq_spacer_block col-sm-12 aq-first aq-last \">\t\t\n\t\t<div style=\"clear: both; width: 100%; height: 80px;\"><\/div>\n\t\n\t<\/div><\/div><\/div><\/section><a href=\"#\" id=\"notre-histoire\" class=\"in-page-link\"><\/a><section class=\"aq-block light-wrapper\"><div class=\"container\"><div class=\"row\"><div id=\"aq-block-1059-9\" class=\"aq-block aq-block-aq_spacer_block col-sm-12 aq-first aq-last \">\t\t\n\t\t<div style=\"clear: both; width: 100%; height: 80px;\"><\/div>\n\t\n\t<\/div><div id=\"aq-block-1059-10\" class=\"aq-block aq-block-aq_image_block col-sm-4 aq-first \">\t\t\n\t\t<div class=\"text-center\">\n\t\t\n\t\t\t\t\t\t\n\t\t\t\t\t<img decoding=\"async\" src=\"https:\/\/bdmglobal.com\/wp-content\/uploads\/2016\/10\/a-propos.jpg\" alt=\"aq_block_10\" \/>\n\t\t\t\n\t\t\t\t\t\n\t\t<\/div>\n\t\t\n\t<\/div><div id=\"aq-block-1059-11\" class=\"aq-block aq-block-aq_ebor_text_block col-sm-8  aq-last \"><div class=\"feature\"><h5>La Nostra Storia<\/h5><p>BDM Global \u00e9 stata fondata nel 2006 a Saint-Hyacinthe dall\u2019uomo d\u2019affari Benjamin Barrette. Dotato di una lunga esperienza nella vendita di carne e di cuoio, Benjamin Barrette \u00e9 stato implicato in tutti i livelli della filiera del cuoio : dall\u2019allevamento degli animali fino al lavoro di negoziante passando attraverso l\u2019alimentazione animale, la macellazione e la salatura.<\/p>\n<p>Fondando BDM Global ha scelto di mettere la sua esperienza al servizio dei conciatori sviluppando un sistema di formazione, di retroazione e di controllo di qualit\u00e0 inglobando tutte le tappe della produzione delle pelli, dal centro di allevamento alla fabbrica di salatura. Ubicato a Saint-Hyacinthe, capitale dell\u2019agricoltura nel Qu\u00e9bec, BDM Global intrattiene dei legami privilegiati con gli allevatori.<\/p>\n<p>Da 10 anni, BDM Global miglora costantemente la qualit\u00e0 delle sue pratiche e dei suoi prodotti mirando alla assoluta soddisfazione dei suoi clienti.<\/p>\n<\/div><\/div><div id=\"aq-block-1059-12\" class=\"aq-block aq-block-aq_spacer_block col-sm-12 aq-first aq-last \">\t\t\n\t\t<div style=\"clear: both; width: 100%; height: 80px;\"><\/div>\n\t\n\t<\/div><\/div><\/div><\/section><a href=\"#\" id=\"a-la-ferme\" class=\"in-page-link\"><\/a><section class=\"aq-block image-divider overlay\">\n\t\t\t\t\t      <div class=\"background-image-holder parallax-background\">\n\t\t\t\t\t          <img decoding=\"async\" class=\"background-image\" alt=\"Background Image\" src=\"https:\/\/bdmglobal.com\/wp-content\/uploads\/2016\/09\/PRP_7222.jpg\">\n\t\t\t\t\t      <\/div>\n\t\t\t\t\t      \n\t\t\t\t\t      <div class=\"container\">\n\t\t\t\t\t          <div class=\"row\"><div id=\"aq-block-1059-14\" class=\"aq-block aq-block-aq_ebor_text_block col-sm-4 aq-first \"><div class=\"feature\"><h5>Al centro di allevamento<\/h5><p>La qualit\u00e0 di una pelle dipende in gran parte dalle condizioni di allevamento degli animali. BDM Global conosce gli allevatori e gli rende visita nei centri di allevamento per aiutarli a migliorare\u00a0 le loro pratiche e a massimizzare la qualit\u00e0 di ogni pelle. Cos\u00ec si ottengono delle pelli minimizzando i difetti intrinseci.<\/p>\n<\/div><\/div><div id=\"aq-block-1059-15\" class=\"aq-block aq-block-aq_ebor_text_block col-sm-4  \"><div class=\"feature\"><h5>Al macello<\/h5><p>BDM Global fornisce un rapporto di qualit\u00e0 ai macelli dopo ogni consegna. Il nostro gruppo visita i macelli regolarmente per aiutarli \u00a0alla messa in opera delle nostre raccomandazioni. Migliorando le loro tecniche riceverete delle pelli lisce ed uniformi.<\/p>\n<\/div><\/div><div id=\"aq-block-1059-16\" class=\"aq-block aq-block-aq_ebor_text_block col-sm-4  aq-last \"><div class=\"feature\"><h5>Da BDM Global<\/h5><p>Da BDM Global tutto viene fatto con cura\u00a0: ricevere le pelli, pulirle, salarle, valutarle, pesarle, sceglierle, imballarle e consegnarle alla vostra porta. Grazie al nostro sistema di controllo della qualit\u00e0 automatizzato, assicuriamo un miglioramento costante del nostro prodotto. Risultato? Riceverete delle pelli sempre migliori e sempre pi\u00f9 facili da far rendere al meglio.<\/p>\n<\/div><\/div><div id=\"aq-block-1059-17\" class=\"aq-block aq-block-aq_spacer_block col-sm-12 aq-first aq-last \">\t\t\n\t\t<div style=\"clear: both; width: 100%; height: 40px;\"><\/div>\n\t\n\t<\/div><div id=\"aq-block-1059-18\" class=\"aq-block aq-block-aq_ebor_text_block col-sm-4 aq-first \"><div class=\"feature\"><h5>In conceria<\/h5><p>I conciatori lo sanno\u00a0: una brutta pelle gratuita \u00e9 ancora troppo cara! BDM Global vi offre un prodotto di alta qualit\u00e0, in condizioni di conservazione ottimali. Con BDM Global riceverete esattamente ci\u00f2 che avete ordinato e potrete valorizzare ogni pelle al massimo delle possibilit\u00e0.<\/p>\n<\/div><\/div><div id=\"aq-block-1059-19\" class=\"aq-block aq-block-aq_ebor_text_block col-sm-4  aq-last \"><div class=\"feature\"><h5>Dal fabbricante<\/h5><p>I cuoi di BDM Global rispondono alle pi\u00f9 strette norme canadesi in materia di etica del lavoro, del benessere animale e del rispetto dell\u2019ambiente. Di qualit\u00e0 superiore, dall\u2019aspetto impeccabile e prodotte in maniera responsabile, le nostre pelli vi permetteranno di confezionare prodotti che si distingueranno su tutta la linea.<\/p>\n<\/div><\/div><\/div><\/div><\/section><\/div>\n","protected":false},"excerpt":{"rendered":"","protected":false},"author":3,"featured_media":0,"parent":0,"menu_order":1,"comment_status":"open","ping_status":"open","template":"page_page_builder_full_width.php","meta":{"footnotes":""},"class_list":["post-1068","page","type-page","status-publish","hentry"],"_links":{"self":[{"href":"https:\/\/bdmglobal.com\/it\/wp-json\/wp\/v2\/pages\/1068","targetHints":{"allow":["GET"]}}],"collection":[{"href":"https:\/\/bdmglobal.com\/it\/wp-json\/wp\/v2\/pages"}],"about":[{"href":"https:\/\/bdmglobal.com\/it\/wp-json\/wp\/v2\/types\/page"}],"author":[{"embeddable":true,"href":"https:\/\/bdmglobal.com\/it\/wp-json\/wp\/v2\/users\/3"}],"replies":[{"embeddable":true,"href":"https:\/\/bdmglobal.com\/it\/wp-json\/wp\/v2\/comments?post=1068"}],"version-history":[{"count":1,"href":"https:\/\/bdmglobal.com\/it\/wp-json\/wp\/v2\/pages\/1068\/revisions"}],"predecessor-version":[{"id":1069,"href":"https:\/\/bdmglobal.com\/it\/wp-json\/wp\/v2\/pages\/1068\/revisions\/1069"}],"wp:attachment":[{"href":"https:\/\/bdmglobal.com\/it\/wp-json\/wp\/v2\/media?parent=1068"}],"curies":[{"name":"wp","href":"https:\/\/api.w.org\/{rel}","templated":true}]}}